{"id":496,"date":"2012-08-06T10:27:33","date_gmt":"2012-08-06T10:27:33","guid":{"rendered":"http:\/\/www2.asociatia-planorama.ro\/?page_id=496"},"modified":"2021-03-08T14:33:43","modified_gmt":"2021-03-08T12:33:43","slug":"scurt-istoric","status":"publish","type":"page","link":"https:\/\/asociatia-planorama.ro\/?page_id=496","title":{"rendered":"Scurt istoric"},"content":{"rendered":"\t\t<div data-elementor-type=\"wp-page\" data-elementor-id=\"496\" class=\"elementor elementor-496\" data-elementor-post-type=\"page\">\n\t\t\t\t\t\t<section class=\"elementor-section elementor-top-section elementor-element elementor-element-259cb8b0 elementor-section-boxed elementor-section-height-default elementor-section-height-default\" data-id=\"259cb8b0\" data-element_type=\"section\" data-e-type=\"section\">\n\t\t\t\t\t\t<div class=\"elementor-container elementor-column-gap-default\">\n\t\t\t\t\t<div class=\"elementor-column elementor-col-100 elementor-top-column elementor-element elementor-element-467f92b3\" data-id=\"467f92b3\" data-element_type=\"column\" data-e-type=\"column\">\n\t\t\t<div class=\"elementor-widget-wrap\">\n\t\t\t\t\t\t\t<\/div>\n\t\t<\/div>\n\t\t\t\t\t<\/div>\n\t\t<\/section>\n\t\t\t\t<section class=\"elementor-section elementor-top-section elementor-element elementor-element-91b6612 elementor-section-boxed elementor-section-height-default elementor-section-height-default\" data-id=\"91b6612\" data-element_type=\"section\" data-e-type=\"section\">\n\t\t\t\t\t\t<div class=\"elementor-container elementor-column-gap-default\">\n\t\t\t\t\t<div class=\"elementor-column elementor-col-50 elementor-top-column elementor-element elementor-element-01bdc79\" data-id=\"01bdc79\" data-element_type=\"column\" data-e-type=\"column\">\n\t\t\t<div class=\"elementor-widget-wrap elementor-element-populated\">\n\t\t\t\t\t\t<div class=\"elementor-element elementor-element-3f85716 elementor-widget elementor-widget-image\" data-id=\"3f85716\" data-element_type=\"widget\" data-e-type=\"widget\" data-widget_type=\"image.default\">\n\t\t\t\t<div class=\"elementor-widget-container\">\n\t\t\t\t\t\t\t\t\t\t\t\t\t\t\t<img fetchpriority=\"high\" decoding=\"async\" data-attachment-id=\"497\" data-permalink=\"https:\/\/asociatia-planorama.ro\/?attachment_id=497\" data-orig-file=\"https:\/\/asociatia-planorama.ro\/wp-content\/uploads\/2012\/08\/Florin-Vasile-avatar.jpg\" data-orig-size=\"200,300\" data-comments-opened=\"0\" data-image-meta=\"{&quot;aperture&quot;:&quot;0&quot;,&quot;credit&quot;:&quot;&quot;,&quot;camera&quot;:&quot;&quot;,&quot;caption&quot;:&quot;&quot;,&quot;created_timestamp&quot;:&quot;0&quot;,&quot;copyright&quot;:&quot;&quot;,&quot;focal_length&quot;:&quot;0&quot;,&quot;iso&quot;:&quot;0&quot;,&quot;shutter_speed&quot;:&quot;0&quot;,&quot;title&quot;:&quot;&quot;}\" data-image-title=\"Florin-Vasile-[avatar]\" data-image-description=\"\" data-image-caption=\"\" data-large-file=\"https:\/\/asociatia-planorama.ro\/wp-content\/uploads\/2012\/08\/Florin-Vasile-avatar.jpg\" width=\"200\" height=\"300\" src=\"https:\/\/asociatia-planorama.ro\/wp-content\/uploads\/2012\/08\/Florin-Vasile-avatar.jpg\" class=\"attachment-large size-large wp-image-497\" alt=\"\" data-attachment-id=\"497\" data-permalink=\"https:\/\/asociatia-planorama.ro\/?attachment_id=497\" data-orig-file=\"https:\/\/asociatia-planorama.ro\/wp-content\/uploads\/2012\/08\/Florin-Vasile-avatar.jpg\" data-orig-size=\"200,300\" data-comments-opened=\"0\" data-image-meta=\"{&quot;aperture&quot;:&quot;0&quot;,&quot;credit&quot;:&quot;&quot;,&quot;camera&quot;:&quot;&quot;,&quot;caption&quot;:&quot;&quot;,&quot;created_timestamp&quot;:&quot;0&quot;,&quot;copyright&quot;:&quot;&quot;,&quot;focal_length&quot;:&quot;0&quot;,&quot;iso&quot;:&quot;0&quot;,&quot;shutter_speed&quot;:&quot;0&quot;,&quot;title&quot;:&quot;&quot;}\" data-image-title=\"Florin-Vasile-[avatar]\" data-image-description=\"\" data-image-caption=\"\" data-large-file=\"https:\/\/asociatia-planorama.ro\/wp-content\/uploads\/2012\/08\/Florin-Vasile-avatar.jpg\" \/>\t\t\t\t\t\t\t\t\t\t\t\t\t\t\t<\/div>\n\t\t\t\t<\/div>\n\t\t\t\t\t<\/div>\n\t\t<\/div>\n\t\t\t\t<div class=\"elementor-column elementor-col-50 elementor-top-column elementor-element elementor-element-046c279\" data-id=\"046c279\" data-element_type=\"column\" data-e-type=\"column\">\n\t\t\t<div class=\"elementor-widget-wrap elementor-element-populated\">\n\t\t\t\t\t\t<div class=\"elementor-element elementor-element-f9bb5fa elementor-widget elementor-widget-heading\" data-id=\"f9bb5fa\" data-element_type=\"widget\" data-e-type=\"widget\" data-widget_type=\"heading.default\">\n\t\t\t\t<div class=\"elementor-widget-container\">\n\t\t\t\t\t<h2 class=\"elementor-heading-title elementor-size-default\">Scurt istoric<\/h2>\t\t\t\t<\/div>\n\t\t\t\t<\/div>\n\t\t\t\t<div class=\"elementor-element elementor-element-4015996 elementor-widget-divider--view-line elementor-widget elementor-widget-divider\" data-id=\"4015996\" data-element_type=\"widget\" data-e-type=\"widget\" data-widget_type=\"divider.default\">\n\t\t\t\t<div class=\"elementor-widget-container\">\n\t\t\t\t\t\t\t<div class=\"elementor-divider\">\n\t\t\t<span class=\"elementor-divider-separator\">\n\t\t\t\t\t\t<\/span>\n\t\t<\/div>\n\t\t\t\t\t\t<\/div>\n\t\t\t\t<\/div>\n\t\t\t\t<div class=\"elementor-element elementor-element-4552ad7 elementor-widget elementor-widget-text-editor\" data-id=\"4552ad7\" data-element_type=\"widget\" data-e-type=\"widget\" data-widget_type=\"text-editor.default\">\n\t\t\t\t<div class=\"elementor-widget-container\">\n\t\t\t\t\t\t\t\t\t06\/08\/2012\t\t\t\t\t\t\t\t<\/div>\n\t\t\t\t<\/div>\n\t\t\t\t<div class=\"elementor-element elementor-element-fa0288e elementor-widget elementor-widget-text-editor\" data-id=\"fa0288e\" data-element_type=\"widget\" data-e-type=\"widget\" data-widget_type=\"text-editor.default\">\n\t\t\t\t<div class=\"elementor-widget-container\">\n\t\t\t\t\t\t\t\t\t<p>Numele meu este Florin Vasile. Sunt administratorul acestui site \u0219i am la r\u00e2ndul meu un apartament \u00een blocul T3. \u00cencerc din rasputeri sa duc proiectul spre o finalitate bun\u0103 pentru cump\u0103r\u0103tori.<\/p><p>Mul\u021bumesc \u00eentregului grup care m\u0103 sus\u021bine \u0219i care m\u0103 ajuta s\u0103 \u00eei reprezint c\u00e2t mai bine. \u00cen lista mea de e-mailuri am peste 300 de adrese de coresponden\u021b\u0103 plus c\u0103 \u021binem aproape de banca Piraeus \u0219i cu investitorii Norvegieni, ceea ce reprezint\u0103 peste 90% dintre cump\u0103r\u0103tori \u0219i adev\u0103ra\u021bii investitori.<\/p><p>Noi, clien\u021bii, am ajuns s\u0103 muncim de c\u00e2teva ori mai mult dec\u00e2t cei care au fost pl\u0103ti\u021bi pentru asta.<\/p><p>Oricine poate s\u0103 vina cu propuneri \u00een favoare grupului.<\/p><p>Personal cred ca rom\u00e2nii pot s\u0103 fie uni\u021bi daca au un exemplu pe care s\u0103-l urmeze. Eu \u00eencerc s\u0103 fiu acest exemplu \u0219i cred c\u0103 am reu\u0219it \u00een cazul Planorama.<\/p><p>Odat\u0103 cu intrarea \u00een insolven\u021b\u0103 a lui Euro Habitat am trecut la o strategie nou\u0103 menit\u0103 s\u0103 gr\u0103beasc\u0103 intrarea proprietarilor de drept \u00een posesia apartamentelor.<\/p><p>\u00cen acest sens am venit cu propunerea ca noi cei din T3 sa prelu\u0103m aparartamentele a\u0219a cum erau la ora intr\u0103rii \u00een insolven\u021b\u0103. Sigur ca ne-am lovit de incompete\u021ba \u0219i reauavoin\u021b\u0103 a lui Cosntantin Ion de la Conexpert SPRL care era la acea or\u0103 administratorul judiciar orchestrat de catre David Silbestein care se ascundea sub faptul c\u0103 \u201cinvestitorii din Israel nu sunt de acord sa ni se dea apartamentele de fric\u0103 ca exista nu stiu ce &#8222;<i>pericol inventat cum ca nu e sigur din cauza lifturilor care nu au protec\u021bie la incendiu<\/i>&#8222;. Nu nu numai c\u0103 nu era adevarat\u0103 chestiunea cu lifturile dar nici nu avea relevan\u021b\u0103. Nu exist\u0103 nici o corela\u021bie \u00eentre transferul proprieta\u021bii \u0219i nu \u0219tiu ce protec\u021bie antiincediu.<\/p><p>Este vorba doar de faptul ca David Silbestein \u00eempreun\u0103 cu a\u0219a zi\u0219ii investitori au o mentalitate criminal\u0103 \u0219i \u00ee\u0219i doresc ca r\u0103ul din ei s\u0103 devin\u0103 realitate. Adic\u0103 ne-au chinuit 3 ani \u0219i au \u00eencercat s\u0103 ne mai chinuiasc\u0103 \u00eenc\u0103 un an. Probabil c\u0103 se hr\u0103nesc cu durerea noastr\u0103. S\u0218tiu c\u0103 pare patetic, dar nu aveau nimic de c\u00e2\u0219tigat \u0219i cu toate aceste se \u00eenc\u0103p\u0103\u021b\u0103nau s\u0103 ne predea apartamentele.<\/p><p>Am reu\u0219it s\u0103-l convingem pe administratorul judiciar de la T\u0103nas\u0103 \u0219i Asocia\u021bii s\u0103 ne pun\u0103 \u00een posesie. Sigur c\u0103 \u0219i aici ni s-au pus ni\u0219te condi\u021bii vis-a-vis de lifturi.<\/p><p>Am f\u0103cut un comitet de urgen\u021b\u0103 cu membrii cei mai activi din grupul nostru \u0219i am \u00eenrtebat dac\u0103 este ok s\u0103 lu\u0103m apartamentele a\u0219a cum sunt \u0219i dac\u0103 e ok s\u0103 str\u00e2ngem banii de la oameni c\u0103 sa teminam blocul. Din comitetul de urgen\u021b\u0103 au facut parte urmatorii: Cosmin Ghear\u0103, Flavius C\u0103rnaru, Monica Doroban\u021bu, Horia Bolo\u0219ina, Neculai Ghimbovschi, Aurelian Aldescu \u0219i nu \u00een ultimul r\u00e2nd Emil S\u0103ndulescu de a c\u0103rei expertiz\u0103 aveam nevoie s\u0103 ne d\u0103m seama de dimensiunea costurilor.<\/p><p>Dup\u0103 discutii lungi am reu\u0219it s\u0103 ie\u0219im cu un plan de str\u00e2ngere a banilor.<\/p><p>Mi-am asumat eu str\u00e2ngerea banilor \u0219i la nu mai pu\u021bin de o lun\u0103 aveam deja 75 de apatamente puse \u00een posesie. Din momentul acela am facut planul de lucru \u0219i la 1 iulie 2011 ne-am apucat de lucru. Astfel \u00een octombrie primele familii au \u00eenceput s\u0103 se mute \u00een bloc.<\/p><p>Noul administrator judiciar, consor\u021biul\u00a0BDO Business Restrcturing SPRL \u0219i RVA Insolvency Specialist SPRL, a continuat procedurile \u00eencepute de c\u0103tre T\u0103nas\u0103 \u0219i \u00een acest moment putem sa ne laudam cu un succes imens: <b>blocul T3 este \u00een propor\u021bie de 90% \u00een proprietatea \u0219i posesia cump\u0103r\u0103torilor<\/b>. Restul de apartamente nu s-au transferat \u00eenca din diferite motive dar se asteapt\u0103 \u0219i rezolvarea acestora. Cei care vor sa transfere dar nu mai au bani pentru restul de plata pot face credit la banca. Piraeus este dispus sa faca acest lucru, \u00een unele cazuri deja a facut-o.<\/p><p>Am convenit ca restul de lucr\u0103ri s\u0103 le facem \u00een regie proprie \u0219i sper\u0103m s\u0103 termin\u0103m \u00een maximum 2 ani toate probleme din bloc.<\/p>\t\t\t\t\t\t\t\t<\/div>\n\t\t\t\t<\/div>\n\t\t\t\t\t<\/div>\n\t\t<\/div>\n\t\t\t\t\t<\/div>\n\t\t<\/section>\n\t\t\t\t<\/div>\n\t\t","protected":false},"excerpt":{"rendered":"<p>Lorem ipsum dolor sit amet, consectetur adipiscing elit. Ut elit tellus, luctus nec ullamcorper mattis, pulvinar dapibus leo. Numele meu este Florin Vasile. Sunt administratorul acestui site \u0219i am la r\u00e2ndul meu un apartament \u00een blocul T3. \u00cencerc din rasputeri sa duc proiectul spre o finalitate bun\u0103 pentru cump\u0103r\u0103tori. Mul\u021bumesc \u00eentregului grup care m\u0103 sus\u021bine [&hellip;]<\/p>\n","protected":false},"author":4,"featured_media":497,"parent":0,"menu_order":0,"comment_status":"closed","ping_status":"closed","template":"","meta":{"footnotes":""},"class_list":["post-496","page","type-page","status-publish","has-post-thumbnail","hentry"],"jetpack_shortlink":"https:\/\/wp.me\/P2G3yN-80","jetpack_sharing_enabled":true,"_links":{"self":[{"href":"https:\/\/asociatia-planorama.ro\/index.php?rest_route=\/wp\/v2\/pages\/496","targetHints":{"allow":["GET"]}}],"collection":[{"href":"https:\/\/asociatia-planorama.ro\/index.php?rest_route=\/wp\/v2\/pages"}],"about":[{"href":"https:\/\/asociatia-planorama.ro\/index.php?rest_route=\/wp\/v2\/types\/page"}],"author":[{"embeddable":true,"href":"https:\/\/asociatia-planorama.ro\/index.php?rest_route=\/wp\/v2\/users\/4"}],"replies":[{"embeddable":true,"href":"https:\/\/asociatia-planorama.ro\/index.php?rest_route=%2Fwp%2Fv2%2Fcomments&post=496"}],"version-history":[{"count":44,"href":"https:\/\/asociatia-planorama.ro\/index.php?rest_route=\/wp\/v2\/pages\/496\/revisions"}],"predecessor-version":[{"id":3041,"href":"https:\/\/asociatia-planorama.ro\/index.php?rest_route=\/wp\/v2\/pages\/496\/revisions\/3041"}],"wp:featuredmedia":[{"embeddable":true,"href":"https:\/\/asociatia-planorama.ro\/index.php?rest_route=\/wp\/v2\/media\/497"}],"wp:attachment":[{"href":"https:\/\/asociatia-planorama.ro\/index.php?rest_route=%2Fwp%2Fv2%2Fmedia&parent=496"}],"curies":[{"name":"wp","href":"https:\/\/api.w.org\/{rel}","templated":true}]}}